{"id":334,"date":"2020-12-25T02:00:13","date_gmt":"2020-12-25T02:00:13","guid":{"rendered":"http:\/\/corinnelondiers.com\/?page_id=334"},"modified":"2020-12-29T20:36:33","modified_gmt":"2020-12-29T20:36:33","slug":"carrieres","status":"publish","type":"page","link":"https:\/\/gauvreauetfamille.ca\/en\/carrieres","title":{"rendered":"Careers"},"content":{"rendered":"<h2 class=\"wp-block-heading\">Are you ready for new challenges?<\/h2>\n\n\n\n<p><br>We're always looking for candidates. If you have integrity, a desire to learn and make a difference, and you work well on your own as well as with a team, we should talk. Send us your CV and we'll discuss your options\u2014with or without prior experience.<\/p>\n\n\n\n<div class=\"wp-block-buttons aligncenter is-layout-flex wp-block-buttons-is-layout-flex\">\n<div class=\"wp-block-button\"><a class=\"wp-block-button__link no-border-radius\" href=\"mailto:info@gauvreauetfamille.ca\">Send Us an Email<\/a><\/div>\n<\/div>\n\n\n\n<p><\/p>","protected":false},"excerpt":{"rendered":"<p>\u00cates-vous pr\u00eat \u00e0 relever des nouveaux d\u00e9fis? Nous sommes toujours \u00e0 la recherche de candidats. Si vous \u00eates int\u00e8gre, travaillez &#8230; <\/p>\n<p class=\"read-more-container\"><a title=\"Careers\" class=\"read-more button\" href=\"https:\/\/gauvreauetfamille.ca\/en\/carrieres#more-334\" aria-label=\"Read more about Carri\u00e8res\">Read more<\/a><\/p>","protected":false},"author":2,"featured_media":0,"parent":0,"menu_order":0,"comment_status":"closed","ping_status":"closed","template":"","meta":{"footnotes":""},"class_list":{"0":"post-334","1":"page","2":"type-page","3":"status-publish","5":"no-featured-image-padding"},"_links":{"self":[{"href":"https:\/\/gauvreauetfamille.ca\/en\/wp-json\/wp\/v2\/pages\/334","targetHints":{"allow":["GET"]}}],"collection":[{"href":"https:\/\/gauvreauetfamille.ca\/en\/wp-json\/wp\/v2\/pages"}],"about":[{"href":"https:\/\/gauvreauetfamille.ca\/en\/wp-json\/wp\/v2\/types\/page"}],"author":[{"embeddable":true,"href":"https:\/\/gauvreauetfamille.ca\/en\/wp-json\/wp\/v2\/users\/2"}],"replies":[{"embeddable":true,"href":"https:\/\/gauvreauetfamille.ca\/en\/wp-json\/wp\/v2\/comments?post=334"}],"version-history":[{"count":5,"href":"https:\/\/gauvreauetfamille.ca\/en\/wp-json\/wp\/v2\/pages\/334\/revisions"}],"predecessor-version":[{"id":397,"href":"https:\/\/gauvreauetfamille.ca\/en\/wp-json\/wp\/v2\/pages\/334\/revisions\/397"}],"wp:attachment":[{"href":"https:\/\/gauvreauetfamille.ca\/en\/wp-json\/wp\/v2\/media?parent=334"}],"curies":[{"name":"wp","href":"https:\/\/api.w.org\/{rel}","templated":true}]}}