{"id":2,"date":"2020-09-12T02:04:08","date_gmt":"2020-09-12T02:04:08","guid":{"rendered":"http:\/\/corinnelondiers.com\/?page_id=2"},"modified":"2021-06-02T02:23:09","modified_gmt":"2021-06-02T02:23:09","slug":"services","status":"publish","type":"page","link":"https:\/\/gauvreauetfamille.ca\/en\/services","title":{"rendered":"Services"},"content":{"rendered":"<h2 class=\"wp-block-heading\">A solution for all your needs!<\/h2>\n\n\n\n<p><br>With a wide range of products and services, we can help you figure out what you have, what you want and how to get there! Find out more about what we offer below!<\/p>\n\n\n\n<div class=\"wp-block-columns is-layout-flex wp-container-core-columns-is-layout-9d6595d7 wp-block-columns-is-layout-flex\">\n<div class=\"wp-block-column is-layout-flow wp-block-column-is-layout-flow\"><\/div>\n<\/div>\n\n\n<style>#kt-layout-id_a71b1d-b9{margin-bottom:0px;}#kt-layout-id_a71b1d-b9 > .kt-row-column-wrap{align-content:start;}:where(#kt-layout-id_a71b1d-b9 > .kt-row-column-wrap) > .wp-block-kadence-column{justify-content:start;}#kt-layout-id_a71b1d-b9 > .kt-row-column-wrap{column-gap:var(--global-kb-gap-md, 2rem);row-gap:var(--global-kb-gap-md, 2rem);padding-top:var( --global-kb-row-default-top, 25px );padding-bottom:var( --global-kb-row-default-bottom, 25px );padding-top:var(--global-kb-spacing-sm, 1.5rem);padding-bottom:var(--global-kb-spacing-sm, 1.5rem);}#kt-layout-id_a71b1d-b9 > .kt-row-column-wrap > div:not(.added-for-specificity){grid-column:initial;}#kt-layout-id_a71b1d-b9 > .kt-row-column-wrap{grid-template-columns:repeat(4, minmax(0, 1fr));}#kt-layout-id_a71b1d-b9 > .kt-row-layout-overlay{opacity:0.30;}@media all and (max-width: 1024px){#kt-layout-id_a71b1d-b9 > .kt-row-column-wrap > div:not(.added-for-specificity){grid-column:initial;}}@media all and (max-width: 1024px){#kt-layout-id_a71b1d-b9 > .kt-row-column-wrap{grid-template-columns:repeat(2, minmax(0, 1fr));}}@media all and (max-width: 767px){#kt-layout-id_a71b1d-b9 > .kt-row-column-wrap > div:not(.added-for-specificity){grid-column:initial;}#kt-layout-id_a71b1d-b9 > .kt-row-column-wrap{grid-template-columns:minmax(0, 1fr);}}<\/style>\n<div class=\"wp-block-kadence-rowlayout alignnone\"><div id=\"kt-layout-id_a71b1d-b9\" class=\"kt-row-layout-inner kt-layout-id_a71b1d-b9\"><div class=\"kt-row-column-wrap kt-has-4-columns kt-gutter-default kt-v-gutter-default kt-row-valign-top kt-row-layout-equal kt-tab-layout-two-grid kt-m-colapse-left-to-right kt-mobile-layout-row\"><style>.kadence-column_5ff3c5-09 > .kt-inside-inner-col{border-top-width:0px;border-right-width:0px;border-bottom-width:0px;border-left-width:0px;}.kadence-column_5ff3c5-09 > .kt-inside-inner-col,.kadence-column_5ff3c5-09 > .kt-inside-inner-col:before{border-top-left-radius:0px;border-top-right-radius:0px;border-bottom-right-radius:0px;border-bottom-left-radius:0px;}.kadence-column_5ff3c5-09 > .kt-inside-inner-col{column-gap:var(--global-kb-gap-sm, 1rem);}.kadence-column_5ff3c5-09 > .kt-inside-inner-col{flex-direction:column;}.kadence-column_5ff3c5-09 > .kt-inside-inner-col > .aligncenter{width:100%;}.kadence-column_5ff3c5-09 > .kt-inside-inner-col:before{opacity:0.3;}.kadence-column_5ff3c5-09{position:relative;}@media all and (max-width: 1024px){.kadence-column_5ff3c5-09 > .kt-inside-inner-col{flex-direction:column;justify-content:center;}}@media all and (max-width: 767px){.kadence-column_5ff3c5-09 > .kt-inside-inner-col{flex-direction:column;justify-content:center;}}<\/style>\n<div class=\"wp-block-kadence-column inner-column-1 kadence-column_5ff3c5-09\"><div class=\"kt-inside-inner-col\">\n<h3 class=\"has-text-align-center wp-block-heading\">Insurance<\/h3>\n\n\n\n<p class=\"has-text-align-center\">Life, medical, disability, critical illness, travel, car, home and more!<\/p>\n\n\n<style>.wp-block-kadence-advancedbtn.kb-btns_b1bbb8-92{gap:var(--global-kb-gap-xs, 0.5rem );justify-content:center;align-items:center;}.kt-btns_b1bbb8-92 .kt-button{font-weight:normal;font-style:normal;}.kt-btns_b1bbb8-92 .kt-btn-wrap-0{margin-right:5px;}.wp-block-kadence-advancedbtn.kt-btns_b1bbb8-92 .kt-btn-wrap-0 .kt-button{color:#ffffff;font-size:15px;background:#000000;border-color:#ffffff;border-style:solid;}.wp-block-kadence-advancedbtn.kt-btns_b1bbb8-92 .kt-btn-wrap-0 .kt-button:hover, .wp-block-kadence-advancedbtn.kt-btns_b1bbb8-92 .kt-btn-wrap-0 .kt-button:focus{color:#1e73be;border-color:#1e73be;}.wp-block-kadence-advancedbtn.kt-btns_b1bbb8-92 .kt-btn-wrap-0 .kt-button::before{display:none;}.wp-block-kadence-advancedbtn.kt-btns_b1bbb8-92 .kt-btn-wrap-0 .kt-button:hover, .wp-block-kadence-advancedbtn.kt-btns_b1bbb8-92 .kt-btn-wrap-0 .kt-button:focus{background:#ffffff;}<\/style>\n<div class=\"wp-block-kadence-advancedbtn kt-btn-align-center kt-btn-tablet-align-inherit kt-btn-mobile-align-inherit kt-btns-wrap kt-btns_b1bbb8-92\"><div class=\"kt-btn-wrap kt-btn-wrap-0\"><a class=\"kt-button button kt-btn-0-action kt-btn-size-standard kt-btn-style-basic kt-btn-svg-show-always kt-btn-has-text-true kt-btn-has-svg-false\" href=\"https:\/\/gauvreauetfamille.ca\/en\/assurances\/\" style=\"border-radius:0px;border-width:1px\"><span class=\"kt-btn-inner-text\">FIND OUT MORE<\/span><\/a><\/div><\/div>\n\n\n<style>.wp-block-kadence-spacer.kt-block-spacer-_8697f4-78 .kt-block-spacer{height:60px;}.wp-block-kadence-spacer.kt-block-spacer-_8697f4-78 .kt-divider{border-top-width:1px;height:1px;border-top-color:#eee;width:80%;border-top-style:solid;}<\/style>\n<div class=\"wp-block-kadence-spacer aligncenter kt-block-spacer-_8697f4-78 kvs-lg-false\"><div class=\"kt-block-spacer kt-block-spacer-halign-center\" style=\"height:60px\"><hr class=\"kt-divider\" style=\"border-top-color:#eee;border-top-width:1px;width:80%;border-top-style:solid\"\/><\/div><\/div>\n<\/div><\/div>\n\n\n<style>.kadence-column_a9352e-27 > .kt-inside-inner-col{border-top-width:0px;border-right-width:0px;border-bottom-width:0px;border-left-width:0px;}.kadence-column_a9352e-27 > .kt-inside-inner-col,.kadence-column_a9352e-27 > .kt-inside-inner-col:before{border-top-left-radius:0px;border-top-right-radius:0px;border-bottom-right-radius:0px;border-bottom-left-radius:0px;}.kadence-column_a9352e-27 > .kt-inside-inner-col{column-gap:var(--global-kb-gap-sm, 1rem);}.kadence-column_a9352e-27 > .kt-inside-inner-col{flex-direction:column;}.kadence-column_a9352e-27 > .kt-inside-inner-col > .aligncenter{width:100%;}.kadence-column_a9352e-27 > .kt-inside-inner-col:before{opacity:0.3;}.kadence-column_a9352e-27{position:relative;}@media all and (max-width: 1024px){.kadence-column_a9352e-27 > .kt-inside-inner-col{flex-direction:column;justify-content:center;}}@media all and (max-width: 767px){.kadence-column_a9352e-27 > .kt-inside-inner-col{flex-direction:column;justify-content:center;}}<\/style>\n<div class=\"wp-block-kadence-column inner-column-2 kadence-column_a9352e-27\"><div class=\"kt-inside-inner-col\">\n<h3 class=\"has-text-align-center wp-block-heading\">Investments<\/h3>\n\n\n\n<p class=\"has-text-align-center\">Various types of investments including RRSPs, RESPs, TFSAs and more!<\/p>\n\n\n<style>.wp-block-kadence-advancedbtn.kb-btns_c929e5-71{gap:var(--global-kb-gap-xs, 0.5rem );justify-content:center;align-items:center;}.kt-btns_c929e5-71 .kt-button{font-weight:normal;font-style:normal;}.kt-btns_c929e5-71 .kt-btn-wrap-0{margin-right:5px;}.wp-block-kadence-advancedbtn.kt-btns_c929e5-71 .kt-btn-wrap-0 .kt-button{color:#ffffff;font-size:15px;background:#000000;border-color:#ffffff;border-style:solid;}.wp-block-kadence-advancedbtn.kt-btns_c929e5-71 .kt-btn-wrap-0 .kt-button:hover, .wp-block-kadence-advancedbtn.kt-btns_c929e5-71 .kt-btn-wrap-0 .kt-button:focus{color:#1e73be;border-color:#1e73be;}.wp-block-kadence-advancedbtn.kt-btns_c929e5-71 .kt-btn-wrap-0 .kt-button::before{display:none;}.wp-block-kadence-advancedbtn.kt-btns_c929e5-71 .kt-btn-wrap-0 .kt-button:hover, .wp-block-kadence-advancedbtn.kt-btns_c929e5-71 .kt-btn-wrap-0 .kt-button:focus{background:#ffffff;}<\/style>\n<div class=\"wp-block-kadence-advancedbtn kt-btn-align-center kt-btn-tablet-align-inherit kt-btn-mobile-align-inherit kt-btns-wrap kt-btns_c929e5-71\"><div class=\"kt-btn-wrap kt-btn-wrap-0\"><a class=\"kt-button button kt-btn-0-action kt-btn-size-standard kt-btn-style-basic kt-btn-svg-show-always kt-btn-has-text-true kt-btn-has-svg-false\" href=\"https:\/\/gauvreauetfamille.ca\/en\/placements\/\" style=\"border-radius:0px;border-width:1px\"><span class=\"kt-btn-inner-text\">FIND OUT MORE<\/span><\/a><\/div><\/div>\n\n\n<style>.wp-block-kadence-spacer.kt-block-spacer-_fd8791-42 .kt-block-spacer{height:60px;}.wp-block-kadence-spacer.kt-block-spacer-_fd8791-42 .kt-divider{border-top-width:1px;height:1px;border-top-color:#eee;width:80%;border-top-style:solid;}<\/style>\n<div class=\"wp-block-kadence-spacer aligncenter kt-block-spacer-_fd8791-42 kvs-lg-false\"><div class=\"kt-block-spacer kt-block-spacer-halign-center\" style=\"height:60px\"><hr class=\"kt-divider\" style=\"border-top-color:#eee;border-top-width:1px;width:80%;border-top-style:solid\"\/><\/div><\/div>\n<\/div><\/div>\n\n\n<style>.kadence-column_b65d8f-a4 > .kt-inside-inner-col{border-top-width:0px;border-right-width:0px;border-bottom-width:0px;border-left-width:0px;}.kadence-column_b65d8f-a4 > .kt-inside-inner-col,.kadence-column_b65d8f-a4 > .kt-inside-inner-col:before{border-top-left-radius:0px;border-top-right-radius:0px;border-bottom-right-radius:0px;border-bottom-left-radius:0px;}.kadence-column_b65d8f-a4 > .kt-inside-inner-col{column-gap:var(--global-kb-gap-sm, 1rem);}.kadence-column_b65d8f-a4 > .kt-inside-inner-col{flex-direction:column;}.kadence-column_b65d8f-a4 > .kt-inside-inner-col > .aligncenter{width:100%;}.kadence-column_b65d8f-a4 > .kt-inside-inner-col:before{opacity:0.3;}.kadence-column_b65d8f-a4{position:relative;}@media all and (max-width: 1024px){.kadence-column_b65d8f-a4 > .kt-inside-inner-col{flex-direction:column;justify-content:center;}}@media all and (max-width: 767px){.kadence-column_b65d8f-a4 > .kt-inside-inner-col{flex-direction:column;justify-content:center;}}<\/style>\n<div class=\"wp-block-kadence-column inner-column-3 kadence-column_b65d8f-a4\"><div class=\"kt-inside-inner-col\">\n<h3 class=\"has-text-align-center wp-block-heading\">BUSINESS SOLUTIONS<\/h3>\n\n\n\n<p class=\"has-text-align-center\">Insurance and other financial products to protect your business!<\/p>\n\n\n<style>.wp-block-kadence-advancedbtn.kb-btns_9e7de9-50{gap:var(--global-kb-gap-xs, 0.5rem );justify-content:center;align-items:center;}.kt-btns_9e7de9-50 .kt-button{font-weight:normal;font-style:normal;}.kt-btns_9e7de9-50 .kt-btn-wrap-0{margin-right:5px;}.wp-block-kadence-advancedbtn.kt-btns_9e7de9-50 .kt-btn-wrap-0 .kt-button{color:#ffffff;font-size:15px;background:#000000;border-color:#ffffff;border-style:solid;}.wp-block-kadence-advancedbtn.kt-btns_9e7de9-50 .kt-btn-wrap-0 .kt-button:hover, .wp-block-kadence-advancedbtn.kt-btns_9e7de9-50 .kt-btn-wrap-0 .kt-button:focus{color:#1e73be;border-color:#1e73be;}.wp-block-kadence-advancedbtn.kt-btns_9e7de9-50 .kt-btn-wrap-0 .kt-button::before{display:none;}.wp-block-kadence-advancedbtn.kt-btns_9e7de9-50 .kt-btn-wrap-0 .kt-button:hover, .wp-block-kadence-advancedbtn.kt-btns_9e7de9-50 .kt-btn-wrap-0 .kt-button:focus{background:#ffffff;}<\/style>\n<div class=\"wp-block-kadence-advancedbtn kt-btn-align-center kt-btn-tablet-align-inherit kt-btn-mobile-align-inherit kt-btns-wrap kt-btns_9e7de9-50\"><div class=\"kt-btn-wrap kt-btn-wrap-0\"><a class=\"kt-button button kt-btn-0-action kt-btn-size-standard kt-btn-style-basic kt-btn-svg-show-always kt-btn-has-text-true kt-btn-has-svg-false\" href=\"https:\/\/gauvreauetfamille.ca\/en\/services-entreprises\/\" style=\"border-radius:0px;border-width:1px\"><span class=\"kt-btn-inner-text\">FIND OUT MORE<\/span><\/a><\/div><\/div>\n\n\n<style>.wp-block-kadence-spacer.kt-block-spacer-_a4c9af-37 .kt-block-spacer{height:60px;}.wp-block-kadence-spacer.kt-block-spacer-_a4c9af-37 .kt-divider{border-top-width:1px;height:1px;border-top-color:#eee;width:80%;border-top-style:solid;}<\/style>\n<div class=\"wp-block-kadence-spacer aligncenter kt-block-spacer-_a4c9af-37 kvs-lg-false kvs-md-false\"><div class=\"kt-block-spacer kt-block-spacer-halign-center\" style=\"height:60px\"><hr class=\"kt-divider\" style=\"border-top-color:#eee;border-top-width:1px;width:80%;border-top-style:solid\"\/><\/div><\/div>\n<\/div><\/div>\n\n\n<style>.kadence-column_e6a766-57 > .kt-inside-inner-col{border-top-width:0px;border-right-width:0px;border-bottom-width:0px;border-left-width:0px;}.kadence-column_e6a766-57 > .kt-inside-inner-col,.kadence-column_e6a766-57 > .kt-inside-inner-col:before{border-top-left-radius:0px;border-top-right-radius:0px;border-bottom-right-radius:0px;border-bottom-left-radius:0px;}.kadence-column_e6a766-57 > .kt-inside-inner-col{column-gap:var(--global-kb-gap-sm, 1rem);}.kadence-column_e6a766-57 > .kt-inside-inner-col{flex-direction:column;}.kadence-column_e6a766-57 > .kt-inside-inner-col > .aligncenter{width:100%;}.kadence-column_e6a766-57 > .kt-inside-inner-col:before{opacity:0.3;}.kadence-column_e6a766-57{position:relative;}@media all and (max-width: 1024px){.kadence-column_e6a766-57 > .kt-inside-inner-col{flex-direction:column;justify-content:center;}}@media all and (max-width: 767px){.kadence-column_e6a766-57 > .kt-inside-inner-col{flex-direction:column;justify-content:center;}}<\/style>\n<div class=\"wp-block-kadence-column inner-column-4 kadence-column_e6a766-57\"><div class=\"kt-inside-inner-col\">\n<h3 class=\"has-text-align-center wp-block-heading\">Banking and Other<\/h3>\n\n\n\n<p class=\"has-text-align-center\">Credit, banking, financial assessments, budgeting, tax preparation and more!<\/p>\n\n\n<style>.wp-block-kadence-advancedbtn.kb-btns_5a9c20-65{gap:var(--global-kb-gap-xs, 0.5rem );justify-content:center;align-items:center;}.kt-btns_5a9c20-65 .kt-button{font-weight:normal;font-style:normal;}.kt-btns_5a9c20-65 .kt-btn-wrap-0{margin-right:5px;}.wp-block-kadence-advancedbtn.kt-btns_5a9c20-65 .kt-btn-wrap-0 .kt-button{color:#ffffff;font-size:15px;background:#000000;border-color:#ffffff;border-style:solid;}.wp-block-kadence-advancedbtn.kt-btns_5a9c20-65 .kt-btn-wrap-0 .kt-button:hover, .wp-block-kadence-advancedbtn.kt-btns_5a9c20-65 .kt-btn-wrap-0 .kt-button:focus{color:#1e73be;border-color:#1e73be;}.wp-block-kadence-advancedbtn.kt-btns_5a9c20-65 .kt-btn-wrap-0 .kt-button::before{display:none;}.wp-block-kadence-advancedbtn.kt-btns_5a9c20-65 .kt-btn-wrap-0 .kt-button:hover, .wp-block-kadence-advancedbtn.kt-btns_5a9c20-65 .kt-btn-wrap-0 .kt-button:focus{background:#ffffff;}<\/style>\n<div class=\"wp-block-kadence-advancedbtn kt-btn-align-center kt-btn-tablet-align-inherit kt-btn-mobile-align-inherit kt-btns-wrap kt-btns_5a9c20-65\"><div class=\"kt-btn-wrap kt-btn-wrap-0\"><a class=\"kt-button button kt-btn-0-action kt-btn-size-standard kt-btn-style-basic kt-btn-svg-show-always kt-btn-has-text-true kt-btn-has-svg-false\" href=\"https:\/\/gauvreauetfamille.ca\/en\/autres-services\/\" style=\"border-radius:0px;border-width:1px\"><span class=\"kt-btn-inner-text\">FIND OUT MORE<\/span><\/a><\/div><\/div>\n<\/div><\/div>\n<\/div><\/div><\/div>","protected":false},"excerpt":{"rendered":"<p>Une solution \u00e0 tous vos besoins! Gr\u00e2ce \u00e0 notre vaste gamme de produits et services, nous pouvons vous aider \u00e0 &#8230; <\/p>\n<p class=\"read-more-container\"><a title=\"Services\" class=\"read-more button\" href=\"https:\/\/gauvreauetfamille.ca\/en\/services#more-2\" aria-label=\"Read more about Services\">Read more<\/a><\/p>","protected":false},"author":2,"featured_media":0,"parent":0,"menu_order":0,"comment_status":"closed","ping_status":"open","template":"","meta":{"footnotes":""},"class_list":{"0":"post-2","1":"page","2":"type-page","3":"status-publish","5":"no-featured-image-padding"},"_links":{"self":[{"href":"https:\/\/gauvreauetfamille.ca\/en\/wp-json\/wp\/v2\/pages\/2","targetHints":{"allow":["GET"]}}],"collection":[{"href":"https:\/\/gauvreauetfamille.ca\/en\/wp-json\/wp\/v2\/pages"}],"about":[{"href":"https:\/\/gauvreauetfamille.ca\/en\/wp-json\/wp\/v2\/types\/page"}],"author":[{"embeddable":true,"href":"https:\/\/gauvreauetfamille.ca\/en\/wp-json\/wp\/v2\/users\/2"}],"replies":[{"embeddable":true,"href":"https:\/\/gauvreauetfamille.ca\/en\/wp-json\/wp\/v2\/comments?post=2"}],"version-history":[{"count":22,"href":"https:\/\/gauvreauetfamille.ca\/en\/wp-json\/wp\/v2\/pages\/2\/revisions"}],"predecessor-version":[{"id":466,"href":"https:\/\/gauvreauetfamille.ca\/en\/wp-json\/wp\/v2\/pages\/2\/revisions\/466"}],"wp:attachment":[{"href":"https:\/\/gauvreauetfamille.ca\/en\/wp-json\/wp\/v2\/media?parent=2"}],"curies":[{"name":"wp","href":"https:\/\/api.w.org\/{rel}","templated":true}]}}