{"id":18,"date":"2018-02-12T05:46:52","date_gmt":"2018-02-12T05:46:52","guid":{"rendered":"https:\/\/gpstartersites.com\/peak\/?page_id=18"},"modified":"2021-06-02T01:52:17","modified_gmt":"2021-06-02T01:52:17","slug":"home","status":"publish","type":"page","link":"https:\/\/gauvreauetfamille.ca\/en\/","title":{"rendered":"Home"},"content":{"rendered":"<style>#kt-layout-id_942e71-52{margin-bottom:0px;}#kt-layout-id_942e71-52 > .kt-row-column-wrap{align-content:start;}:where(#kt-layout-id_942e71-52 > .kt-row-column-wrap) > .wp-block-kadence-column{justify-content:start;}#kt-layout-id_942e71-52 > .kt-row-column-wrap{column-gap:var(--global-kb-gap-md, 2rem);row-gap:var(--global-kb-gap-md, 2rem);padding-top:var( --global-kb-row-default-top, 25px );padding-bottom:var( --global-kb-row-default-bottom, 25px );padding-top:var(--global-kb-spacing-sm, 1.5rem);padding-bottom:var(--global-kb-spacing-sm, 1.5rem);}#kt-layout-id_942e71-52 > .kt-row-column-wrap > div:not(.added-for-specificity){grid-column:initial;}#kt-layout-id_942e71-52 > .kt-row-column-wrap{grid-template-columns:repeat(3, minmax(0, 1fr));}#kt-layout-id_942e71-52 > .kt-row-layout-overlay{opacity:0.30;}@media all and (max-width: 1024px){#kt-layout-id_942e71-52 > .kt-row-column-wrap > div:not(.added-for-specificity){grid-column:initial;}}@media all and (max-width: 1024px){#kt-layout-id_942e71-52 > .kt-row-column-wrap{grid-template-columns:minmax(0, 1fr);}}@media all and (max-width: 767px){#kt-layout-id_942e71-52 > .kt-row-column-wrap > div:not(.added-for-specificity){grid-column:initial;}#kt-layout-id_942e71-52 > .kt-row-column-wrap{grid-template-columns:minmax(0, 1fr);}}<\/style>\n<div class=\"wp-block-kadence-rowlayout alignnone\"><div id=\"kt-layout-id_942e71-52\" class=\"kt-row-layout-inner kt-layout-id_942e71-52\"><div class=\"kt-row-column-wrap kt-has-3-columns kt-gutter-default kt-v-gutter-default kt-row-valign-top kt-row-layout-equal kt-tab-layout-row kt-m-colapse-left-to-right kt-mobile-layout-row\"><style>.kadence-column_aecb06-98 > .kt-inside-inner-col{border-top-width:0px;border-right-width:0px;border-bottom-width:0px;border-left-width:0px;}.kadence-column_aecb06-98 > .kt-inside-inner-col,.kadence-column_aecb06-98 > .kt-inside-inner-col:before{border-top-left-radius:0px;border-top-right-radius:0px;border-bottom-right-radius:0px;border-bottom-left-radius:0px;}.kadence-column_aecb06-98 > .kt-inside-inner-col{column-gap:var(--global-kb-gap-sm, 1rem);}.kadence-column_aecb06-98 > .kt-inside-inner-col{flex-direction:column;}.kadence-column_aecb06-98 > .kt-inside-inner-col > .aligncenter{width:100%;}.kadence-column_aecb06-98 > .kt-inside-inner-col:before{opacity:0.3;}.kadence-column_aecb06-98{position:relative;}@media all and (max-width: 1024px){.kadence-column_aecb06-98 > .kt-inside-inner-col{flex-direction:column;justify-content:center;}}@media all and (max-width: 767px){.kadence-column_aecb06-98 > .kt-inside-inner-col{flex-direction:column;justify-content:center;}}<\/style>\n<div class=\"wp-block-kadence-column inner-column-1 kadence-column_aecb06-98\"><div class=\"kt-inside-inner-col\">\n<h3 class=\"has-text-align-center wp-block-heading\">About Us<\/h3>\n\n\n\n<p class=\"has-text-align-center\">Founded in 2020, our firm is licensed in both Quebec and Ontario and offers a wide range of financial products in order to better serve your needs. We are a family business focused on helping families. Find out more about our process and values!<\/p>\n\n\n<style>.wp-block-kadence-advancedbtn.kb-btns_bbbfb0-ec{gap:var(--global-kb-gap-xs, 0.5rem );justify-content:center;align-items:center;}.kt-btns_bbbfb0-ec .kt-button{font-weight:normal;font-style:normal;}.kt-btns_bbbfb0-ec .kt-btn-wrap-0{margin-right:5px;}.wp-block-kadence-advancedbtn.kt-btns_bbbfb0-ec .kt-btn-wrap-0 .kt-button{color:#ffffff;font-size:15px;background:#000000;border-color:#ffffff;border-style:solid;}.wp-block-kadence-advancedbtn.kt-btns_bbbfb0-ec .kt-btn-wrap-0 .kt-button:hover, .wp-block-kadence-advancedbtn.kt-btns_bbbfb0-ec .kt-btn-wrap-0 .kt-button:focus{color:#1e73be;border-color:#1e73be;}.wp-block-kadence-advancedbtn.kt-btns_bbbfb0-ec .kt-btn-wrap-0 .kt-button::before{display:none;}.wp-block-kadence-advancedbtn.kt-btns_bbbfb0-ec .kt-btn-wrap-0 .kt-button:hover, .wp-block-kadence-advancedbtn.kt-btns_bbbfb0-ec .kt-btn-wrap-0 .kt-button:focus{background:#ffffff;}<\/style>\n<div class=\"wp-block-kadence-advancedbtn kt-btn-align-center kt-btn-tablet-align-inherit kt-btn-mobile-align-inherit kt-btns-wrap kt-btns_bbbfb0-ec\"><div class=\"kt-btn-wrap kt-btn-wrap-0\"><a class=\"kt-button button kt-btn-0-action kt-btn-size-standard kt-btn-style-basic kt-btn-svg-show-always kt-btn-has-text-true kt-btn-has-svg-false\" href=\"https:\/\/gauvreauetfamille.ca\/en\/a-propos\/\" style=\"border-radius:0px;border-width:1px\"><span class=\"kt-btn-inner-text\">WHO ARE WE?<\/span><\/a><\/div><\/div>\n\n\n<style>.wp-block-kadence-spacer.kt-block-spacer-_fb4da0-02 .kt-block-spacer{height:60px;}.wp-block-kadence-spacer.kt-block-spacer-_fb4da0-02 .kt-divider{border-top-width:1px;height:1px;border-top-color:#eee;width:80%;border-top-style:solid;}<\/style>\n<div class=\"wp-block-kadence-spacer aligncenter kt-block-spacer-_fb4da0-02 kvs-lg-false\"><div class=\"kt-block-spacer kt-block-spacer-halign-center\" style=\"height:60px\"><hr class=\"kt-divider\" style=\"border-top-color:#eee;border-top-width:1px;width:80%;border-top-style:solid\"\/><\/div><\/div>\n\n\n\n<p><\/p>\n<\/div><\/div>\n\n\n<style>.kadence-column_4e6b2e-ca > .kt-inside-inner-col{border-top-width:0px;border-right-width:0px;border-bottom-width:0px;border-left-width:0px;}.kadence-column_4e6b2e-ca > .kt-inside-inner-col,.kadence-column_4e6b2e-ca > .kt-inside-inner-col:before{border-top-left-radius:0px;border-top-right-radius:0px;border-bottom-right-radius:0px;border-bottom-left-radius:0px;}.kadence-column_4e6b2e-ca > .kt-inside-inner-col{column-gap:var(--global-kb-gap-sm, 1rem);}.kadence-column_4e6b2e-ca > .kt-inside-inner-col{flex-direction:column;}.kadence-column_4e6b2e-ca > .kt-inside-inner-col > .aligncenter{width:100%;}.kadence-column_4e6b2e-ca > .kt-inside-inner-col:before{opacity:0.3;}.kadence-column_4e6b2e-ca{position:relative;}@media all and (max-width: 1024px){.kadence-column_4e6b2e-ca > .kt-inside-inner-col{flex-direction:column;justify-content:center;}}@media all and (max-width: 767px){.kadence-column_4e6b2e-ca > .kt-inside-inner-col{flex-direction:column;justify-content:center;}}<\/style>\n<div class=\"wp-block-kadence-column inner-column-2 kadence-column_4e6b2e-ca\"><div class=\"kt-inside-inner-col\">\n<h3 class=\"has-text-align-center wp-block-heading\">SERVICES<\/h3>\n\n\n\n<p class=\"has-text-align-center\">Thanks to our full lineup of financial products including investments, various types of insurance (life, medical, disability, critical illness, travel, home, car) and even bank accounts, we're sure to find the perfect solution for your needs!<\/p>\n\n\n<style>.wp-block-kadence-advancedbtn.kb-btns_5e2c24-cb{gap:var(--global-kb-gap-xs, 0.5rem );justify-content:center;align-items:center;}.kt-btns_5e2c24-cb .kt-button{font-weight:normal;font-style:normal;}.kt-btns_5e2c24-cb .kt-btn-wrap-0{margin-right:5px;}.wp-block-kadence-advancedbtn.kt-btns_5e2c24-cb .kt-btn-wrap-0 .kt-button{color:#ffffff;font-size:15px;background:#000000;border-color:#ffffff;border-style:solid;}.wp-block-kadence-advancedbtn.kt-btns_5e2c24-cb .kt-btn-wrap-0 .kt-button:hover, .wp-block-kadence-advancedbtn.kt-btns_5e2c24-cb .kt-btn-wrap-0 .kt-button:focus{color:#1e73be;border-color:#1e73be;}.wp-block-kadence-advancedbtn.kt-btns_5e2c24-cb .kt-btn-wrap-0 .kt-button::before{display:none;}.wp-block-kadence-advancedbtn.kt-btns_5e2c24-cb .kt-btn-wrap-0 .kt-button:hover, .wp-block-kadence-advancedbtn.kt-btns_5e2c24-cb .kt-btn-wrap-0 .kt-button:focus{background:#ffffff;}<\/style>\n<div class=\"wp-block-kadence-advancedbtn kt-btn-align-center kt-btn-tablet-align-inherit kt-btn-mobile-align-inherit kt-btns-wrap kt-btns_5e2c24-cb\"><div class=\"kt-btn-wrap kt-btn-wrap-0\"><a class=\"kt-button button kt-btn-0-action kt-btn-size-standard kt-btn-style-basic kt-btn-svg-show-always kt-btn-has-text-true kt-btn-has-svg-false\" href=\"https:\/\/gauvreauetfamille.ca\/en\/services\/\" style=\"border-radius:0px;border-width:1px\"><span class=\"kt-btn-inner-text\">FIND OUT MORE<\/span><\/a><\/div><\/div>\n\n\n<style>.wp-block-kadence-spacer.kt-block-spacer-_9817cd-01 .kt-block-spacer{height:60px;}.wp-block-kadence-spacer.kt-block-spacer-_9817cd-01 .kt-divider{border-top-width:1px;height:1px;border-top-color:#eee;width:80%;border-top-style:solid;}<\/style>\n<div class=\"wp-block-kadence-spacer aligncenter kt-block-spacer-_9817cd-01 kvs-lg-false\"><div class=\"kt-block-spacer kt-block-spacer-halign-center\" style=\"height:60px\"><hr class=\"kt-divider\" style=\"border-top-color:#eee;border-top-width:1px;width:80%;border-top-style:solid\"\/><\/div><\/div>\n<\/div><\/div>\n\n\n<style>.kadence-column_2db6d5-84 > .kt-inside-inner-col{border-top-width:0px;border-right-width:0px;border-bottom-width:0px;border-left-width:0px;}.kadence-column_2db6d5-84 > .kt-inside-inner-col,.kadence-column_2db6d5-84 > .kt-inside-inner-col:before{border-top-left-radius:0px;border-top-right-radius:0px;border-bottom-right-radius:0px;border-bottom-left-radius:0px;}.kadence-column_2db6d5-84 > .kt-inside-inner-col{column-gap:var(--global-kb-gap-sm, 1rem);}.kadence-column_2db6d5-84 > .kt-inside-inner-col{flex-direction:column;}.kadence-column_2db6d5-84 > .kt-inside-inner-col > .aligncenter{width:100%;}.kadence-column_2db6d5-84 > .kt-inside-inner-col:before{opacity:0.3;}.kadence-column_2db6d5-84{position:relative;}@media all and (max-width: 1024px){.kadence-column_2db6d5-84 > .kt-inside-inner-col{flex-direction:column;justify-content:center;}}@media all and (max-width: 767px){.kadence-column_2db6d5-84 > .kt-inside-inner-col{flex-direction:column;justify-content:center;}}<\/style>\n<div class=\"wp-block-kadence-column inner-column-3 kadence-column_2db6d5-84\"><div class=\"kt-inside-inner-col\">\n<h3 class=\"has-text-align-center wp-block-heading\">BLOG<\/h3>\n\n\n\n<p class=\"has-text-align-center\">At Gauvreau and Family, our primary focus is your financial education. Our team will be happy to discuss every option with you in order to help you make more informed decisions. Read our blog to find the answer to some of your questions!<\/p>\n\n\n<style>.wp-block-kadence-advancedbtn.kb-btns_a8ef80-32{gap:var(--global-kb-gap-xs, 0.5rem );justify-content:center;align-items:center;}.kt-btns_a8ef80-32 .kt-button{font-weight:normal;font-style:normal;}.kt-btns_a8ef80-32 .kt-btn-wrap-0{margin-right:5px;}.wp-block-kadence-advancedbtn.kt-btns_a8ef80-32 .kt-btn-wrap-0 .kt-button{color:#ffffff;font-size:15px;background:#000000;border-color:#ffffff;border-style:solid;}.wp-block-kadence-advancedbtn.kt-btns_a8ef80-32 .kt-btn-wrap-0 .kt-button:hover, .wp-block-kadence-advancedbtn.kt-btns_a8ef80-32 .kt-btn-wrap-0 .kt-button:focus{color:#1e73be;border-color:#1e73be;}.wp-block-kadence-advancedbtn.kt-btns_a8ef80-32 .kt-btn-wrap-0 .kt-button::before{display:none;}.wp-block-kadence-advancedbtn.kt-btns_a8ef80-32 .kt-btn-wrap-0 .kt-button:hover, .wp-block-kadence-advancedbtn.kt-btns_a8ef80-32 .kt-btn-wrap-0 .kt-button:focus{background:#ffffff;}<\/style>\n<div class=\"wp-block-kadence-advancedbtn kt-btn-align-center kt-btn-tablet-align-inherit kt-btn-mobile-align-inherit kt-btns-wrap kt-btns_a8ef80-32\"><div class=\"kt-btn-wrap kt-btn-wrap-0\"><a class=\"kt-button button kt-btn-0-action kt-btn-size-standard kt-btn-style-basic kt-btn-svg-show-always kt-btn-has-text-true kt-btn-has-svg-false\" href=\"https:\/\/gauvreauetfamille.ca\/en\/blogue\/\" style=\"border-radius:0px;border-width:1px\"><span class=\"kt-btn-inner-text\">READ THE BLOG<\/span><\/a><\/div><\/div>\n<\/div><\/div>\n<\/div><\/div><\/div>","protected":false},"excerpt":{"rendered":"<p>\u00c0 PROPOS Fond\u00e9 en 2020 et pratiquant \u00e0 la fois au Qu\u00e9bec et en Ontario, notre cabinet offre une vaste &#8230; <\/p>\n<p class=\"read-more-container\"><a title=\"Home\" class=\"read-more button\" href=\"https:\/\/gauvreauetfamille.ca\/en\/#more-18\" aria-label=\"Read more about Accueil\">Read more<\/a><\/p>","protected":false},"author":2,"featured_media":0,"parent":0,"menu_order":0,"comment_status":"closed","ping_status":"closed","template":"","meta":{"footnotes":""},"class_list":{"0":"post-18","1":"page","2":"type-page","3":"status-publish","5":"no-featured-image-padding"},"_links":{"self":[{"href":"https:\/\/gauvreauetfamille.ca\/en\/wp-json\/wp\/v2\/pages\/18","targetHints":{"allow":["GET"]}}],"collection":[{"href":"https:\/\/gauvreauetfamille.ca\/en\/wp-json\/wp\/v2\/pages"}],"about":[{"href":"https:\/\/gauvreauetfamille.ca\/en\/wp-json\/wp\/v2\/types\/page"}],"author":[{"embeddable":true,"href":"https:\/\/gauvreauetfamille.ca\/en\/wp-json\/wp\/v2\/users\/2"}],"replies":[{"embeddable":true,"href":"https:\/\/gauvreauetfamille.ca\/en\/wp-json\/wp\/v2\/comments?post=18"}],"version-history":[{"count":17,"href":"https:\/\/gauvreauetfamille.ca\/en\/wp-json\/wp\/v2\/pages\/18\/revisions"}],"predecessor-version":[{"id":461,"href":"https:\/\/gauvreauetfamille.ca\/en\/wp-json\/wp\/v2\/pages\/18\/revisions\/461"}],"wp:attachment":[{"href":"https:\/\/gauvreauetfamille.ca\/en\/wp-json\/wp\/v2\/media?parent=18"}],"curies":[{"name":"wp","href":"https:\/\/api.w.org\/{rel}","templated":true}]}}