{"id":104,"date":"2018-02-14T06:13:05","date_gmt":"2018-02-14T06:13:05","guid":{"rendered":"https:\/\/gpstartersites.com\/peak\/?page_id=104"},"modified":"2024-02-16T03:13:04","modified_gmt":"2024-02-16T03:13:04","slug":"a-propos","status":"publish","type":"page","link":"https:\/\/gauvreauetfamille.ca\/en\/a-propos","title":{"rendered":"About Us"},"content":{"rendered":"<h2 class=\"wp-block-heading\">Who Are We?<\/h2>\n\n\n\n<p>Gauvreau and Family Financial Services inc. is a Quebec-based firm founded in 2020 by Mark Gauvreau, who has worked in the financial industry for over a decade. He wished to build a firm that would put families first, whether a family of one or a family of ten.<\/p>\n\n\n\n<p>Our firm is licensed in Quebec and Ontario, and we strictly adhere to provincial legislation. We are looking to grow and offer a wide range of financial products across several lines of business. This includes life insurance, damage insurance, investments as well as an array of other products available through various affiliations.<\/p>\n\n\n\n<p>To find out more about the products and services we offer, please visit our page about <a href=\"https:\/\/gauvreauetfamille.ca\/en\/services\/\" data-type=\"page\" data-id=\"2\">Services<\/a>.<\/p>\n\n\n\n<hr class=\"wp-block-separator has-css-opacity alignwide\"\/>\n\n\n<style>.wp-block-kadence-spacer.kt-block-spacer-104_617b6a-6e .kt-block-spacer{height:10px;}.wp-block-kadence-spacer.kt-block-spacer-104_617b6a-6e .kt-divider{border-top-width:1px;height:1px;border-top-color:#eee;width:80%;border-top-style:solid;}<\/style>\n<div class=\"wp-block-kadence-spacer aligncenter kt-block-spacer-104_617b6a-6e\"><div class=\"kt-block-spacer kt-block-spacer-halign-center\"><\/div><\/div>\n\n\n<style>.kb-row-layout-wrap.wp-block-kadence-rowlayout.kb-row-layout-id104_45a0f0-ee{margin-bottom:0px;}.kb-row-layout-id104_45a0f0-ee > .kt-row-column-wrap{align-content:center;}:where(.kb-row-layout-id104_45a0f0-ee > .kt-row-column-wrap) > .wp-block-kadence-column{justify-content:center;}.kb-row-layout-id104_45a0f0-ee > .kt-row-column-wrap{column-gap:var(--global-kb-gap-md, 2rem);row-gap:var(--global-kb-gap-md, 2rem);padding-top:var(--global-kb-spacing-sm, 1.5rem);padding-bottom:var(--global-kb-spacing-sm, 1.5rem);grid-template-columns:repeat(2, minmax(0, 1fr));}.kb-row-layout-id104_45a0f0-ee > .kt-row-layout-overlay{opacity:0.30;}@media all and (max-width: 1024px){.kb-row-layout-id104_45a0f0-ee > .kt-row-column-wrap{grid-template-columns:repeat(2, minmax(0, 1fr));}}@media all and (max-width: 767px){.kb-row-layout-id104_45a0f0-ee > .kt-row-column-wrap{grid-template-columns:minmax(0, 1fr);}}<\/style><div class=\"kb-row-layout-wrap kb-row-layout-id104_45a0f0-ee alignnone wp-block-kadence-rowlayout\"><div class=\"kt-row-column-wrap kt-has-2-columns kt-row-layout-equal kt-tab-layout-equal kt-mobile-layout-row kt-row-valign-middle\">\n<style>.kadence-column104_5f46ca-01 > .kt-inside-inner-col,.kadence-column104_5f46ca-01 > .kt-inside-inner-col:before{border-top-left-radius:0px;border-top-right-radius:0px;border-bottom-right-radius:0px;border-bottom-left-radius:0px;}.kadence-column104_5f46ca-01 > .kt-inside-inner-col{column-gap:var(--global-kb-gap-sm, 1rem);}.kadence-column104_5f46ca-01 > .kt-inside-inner-col{flex-direction:column;}.kadence-column104_5f46ca-01 > .kt-inside-inner-col > .aligncenter{width:100%;}.kadence-column104_5f46ca-01 > .kt-inside-inner-col:before{opacity:0.3;}.kadence-column104_5f46ca-01{position:relative;}@media all and (max-width: 1024px){.kadence-column104_5f46ca-01 > .kt-inside-inner-col{flex-direction:column;justify-content:center;}}@media all and (max-width: 767px){.kadence-column104_5f46ca-01 > .kt-inside-inner-col{flex-direction:column;justify-content:center;}}<\/style>\n<div class=\"wp-block-kadence-column kadence-column104_5f46ca-01 inner-column-1\"><div class=\"kt-inside-inner-col\"><div class=\"wp-block-image\">\n<figure class=\"aligncenter size-large\"><img loading=\"lazy\" decoding=\"async\" width=\"512\" height=\"512\" src=\"https:\/\/gauvreauetfamille.ca\/wp-content\/uploads\/2020\/12\/Mark-Gauvreau-Biographie-2.png\" alt=\"\" class=\"wp-image-388\" srcset=\"https:\/\/gauvreauetfamille.ca\/wp-content\/uploads\/2020\/12\/Mark-Gauvreau-Biographie-2.png 512w, https:\/\/gauvreauetfamille.ca\/wp-content\/uploads\/2020\/12\/Mark-Gauvreau-Biographie-2-300x300.png 300w, https:\/\/gauvreauetfamille.ca\/wp-content\/uploads\/2020\/12\/Mark-Gauvreau-Biographie-2-150x150.png 150w, https:\/\/gauvreauetfamille.ca\/wp-content\/uploads\/2020\/12\/Mark-Gauvreau-Biographie-2-12x12.png 12w, https:\/\/gauvreauetfamille.ca\/wp-content\/uploads\/2020\/12\/Mark-Gauvreau-Biographie-2-45x45.png 45w\" sizes=\"auto, (max-width: 512px) 100vw, 512px\" \/><\/figure><\/div>\n\n\n<p class=\"has-text-align-center\"><strong>MARK GAUVREAU - PRESIDENT<\/strong><\/p>\n<\/div><\/div>\n\n\n<style>.kadence-column104_0fbace-36 > .kt-inside-inner-col,.kadence-column104_0fbace-36 > .kt-inside-inner-col:before{border-top-left-radius:0px;border-top-right-radius:0px;border-bottom-right-radius:0px;border-bottom-left-radius:0px;}.kadence-column104_0fbace-36 > .kt-inside-inner-col{column-gap:var(--global-kb-gap-sm, 1rem);}.kadence-column104_0fbace-36 > .kt-inside-inner-col{flex-direction:column;}.kadence-column104_0fbace-36 > .kt-inside-inner-col > .aligncenter{width:100%;}.kadence-column104_0fbace-36 > .kt-inside-inner-col:before{opacity:0.3;}.kadence-column104_0fbace-36{position:relative;}@media all and (max-width: 1024px){.kadence-column104_0fbace-36 > .kt-inside-inner-col{flex-direction:column;justify-content:center;}}@media all and (max-width: 767px){.kadence-column104_0fbace-36 > .kt-inside-inner-col{flex-direction:column;justify-content:center;}}<\/style>\n<div class=\"wp-block-kadence-column kadence-column104_0fbace-36 inner-column-2\"><div class=\"kt-inside-inner-col\">\n<p>Having a passion for numbers and helping others, I entered the financial industry in 2008 in the hope of helping families avoid disasters. Over the years, I have spent countless hours increasing my knowledge and services in order to encompass nearly all aspects of finances.&nbsp;<\/p>\n\n\n\n<p>As a family man and father of seven children, I have seen first-hand the struggles that families go through on a regular basis, especially when it comes to different companies not speaking to each other.<\/p>\n\n\n\n<p>That's why my wife and I decided to start our own financial services firm. Our goal is to educate families and help them reach their financial goals while also taking into account the big picture. We are here to help all families regardless of size, whether a family of one, a family of ten\u2026 or even a family of employees!<\/p>\n<\/div><\/div>\n\n<\/div><\/div>\n\n\n<hr class=\"wp-block-separator has-css-opacity alignwide\"\/>\n\n\n\n<h2 class=\"wp-block-heading\">Our Mission<\/h2>\n\n\n\n<p>Our primary focus is our clients, and our goal is always to find the product or service that best serves their needs. We also believe that education is key. That's why we offer comprehensive consulting services to help you make informed decisions.<\/p>\n\n\n\n<h2 class=\"wp-block-heading\">Our Process<\/h2>\n\n\n\n<p>Our process is the same for every client. We start by booking a virtual or in-person meeting in order to gather as much information as possible about your financial needs and goals. That information will be used to assess your situation and make appropriate recommendations.<\/p>\n\n\n\n<p>We then meet with you again in order to explain our recommendations, answer any questions you may have and help you make the best decision for your situation. Once these decisions have been implemented, we continue to meet with you yearly in order to assess any changes that may occur.<\/p>","protected":false},"excerpt":{"rendered":"<p>Qui sommes-nous? Une entreprise qu\u00e9b\u00e9coise fond\u00e9e en 2020, les Services financiers Gauvreau et famille inc. ont pour pr\u00e9sident Mark Gauvreau, &#8230; <\/p>\n<p class=\"read-more-container\"><a title=\"About Us\" class=\"read-more button\" href=\"https:\/\/gauvreauetfamille.ca\/en\/a-propos#more-104\" aria-label=\"Read more about \u00c0 propos\">Read more<\/a><\/p>","protected":false},"author":2,"featured_media":0,"parent":0,"menu_order":0,"comment_status":"closed","ping_status":"closed","template":"","meta":{"footnotes":""},"class_list":{"0":"post-104","1":"page","2":"type-page","3":"status-publish","5":"no-featured-image-padding"},"_links":{"self":[{"href":"https:\/\/gauvreauetfamille.ca\/en\/wp-json\/wp\/v2\/pages\/104","targetHints":{"allow":["GET"]}}],"collection":[{"href":"https:\/\/gauvreauetfamille.ca\/en\/wp-json\/wp\/v2\/pages"}],"about":[{"href":"https:\/\/gauvreauetfamille.ca\/en\/wp-json\/wp\/v2\/types\/page"}],"author":[{"embeddable":true,"href":"https:\/\/gauvreauetfamille.ca\/en\/wp-json\/wp\/v2\/users\/2"}],"replies":[{"embeddable":true,"href":"https:\/\/gauvreauetfamille.ca\/en\/wp-json\/wp\/v2\/comments?post=104"}],"version-history":[{"count":22,"href":"https:\/\/gauvreauetfamille.ca\/en\/wp-json\/wp\/v2\/pages\/104\/revisions"}],"predecessor-version":[{"id":500,"href":"https:\/\/gauvreauetfamille.ca\/en\/wp-json\/wp\/v2\/pages\/104\/revisions\/500"}],"wp:attachment":[{"href":"https:\/\/gauvreauetfamille.ca\/en\/wp-json\/wp\/v2\/media?parent=104"}],"curies":[{"name":"wp","href":"https:\/\/api.w.org\/{rel}","templated":true}]}}