{"id":102,"date":"2018-02-14T06:12:58","date_gmt":"2018-02-14T06:12:58","guid":{"rendered":"https:\/\/gpstartersites.com\/peak\/?page_id=102"},"modified":"2024-02-17T20:41:43","modified_gmt":"2024-02-17T20:41:43","slug":"contactez-nous","status":"publish","type":"page","link":"https:\/\/gauvreauetfamille.ca\/en\/contactez-nous","title":{"rendered":"Contact Us"},"content":{"rendered":"\n<h2 class=\"wp-block-heading\">Il nous fera plaisir de vous aider!<\/h2>\n\n\n\n<p><br>Si vous souhaitez obtenir une \u00e9valuation gratuite de votre situation financi\u00e8re, ou si vous avez des questions concernant les produits que vous d\u00e9tenez pr\u00e9sentement (chez nous ou ailleurs), merci de nous fournir vos coordonn\u00e9es \u00e0 l&rsquo;aide du formulaire ci-dessous et nous communiquerons avec vous d\u00e8s que possible.<\/p>\n\n\n\n<p>Vous pouvez \u00e9galement nous contacter par t\u00e9l\u00e9phone au <a href=\"tel:+4388856275\">(438) 885-6275<\/a> ou en cliquant le bouton ci-dessous. Au plaisir de vous rencontrer!<\/p>\n\n\n\n<div class=\"wp-block-buttons is-content-justification-center is-layout-flex wp-container-core-buttons-is-layout-16018d1d wp-block-buttons-is-layout-flex\">\n<div class=\"wp-block-button\"><a class=\"wp-block-button__link wp-element-button\" href=\"tel:+4388856275\" rel=\"\">APPELEZ-NOUS<\/a><\/div>\n<\/div>\n\n\n<div class=\"wpforms-container wpforms-container-full wpforms-block wpforms-block-784c7c7f-09ea-4399-8557-4fd0509dd5ac\" id=\"wpforms-323\"><form id=\"wpforms-form-323\" class=\"wpforms-validate wpforms-form\" data-formid=\"323\" method=\"post\" enctype=\"multipart\/form-data\" action=\"\/en\/wp-json\/wp\/v2\/pages\/102\" data-token=\"0ee3154cb99259651bf2e84c6a16d230\" data-token-time=\"1777950124\"><noscript class=\"wpforms-error-noscript\">Please enable JavaScript in your browser to complete this form.<\/noscript><div class=\"wpforms-field-container\"><div id=\"wpforms-323-field_0-container\" class=\"wpforms-field wpforms-field-name\" data-field-id=\"0\"><label class=\"wpforms-field-label\" for=\"wpforms-323-field_0\">Nom complet <span class=\"wpforms-required-label\">*<\/span><\/label><input type=\"text\" id=\"wpforms-323-field_0\" class=\"wpforms-field-medium wpforms-field-required\" name=\"wpforms[fields][0]\" required><\/div><div id=\"wpforms-323-field_8-container\" class=\"wpforms-field wpforms-field-text\" data-field-id=\"8\"><label class=\"wpforms-field-label\" for=\"wpforms-323-field_8\">Num\u00e9ro de t\u00e9l\u00e9phone <span class=\"wpforms-required-label\">*<\/span><\/label><input type=\"text\" id=\"wpforms-323-field_8\" class=\"wpforms-field-medium wpforms-field-required\" name=\"wpforms[fields][8]\" required><\/div><div id=\"wpforms-323-field_1-container\" class=\"wpforms-field wpforms-field-email\" data-field-id=\"1\"><label class=\"wpforms-field-label\" for=\"wpforms-323-field_1\">Courriel<\/label><input type=\"email\" id=\"wpforms-323-field_1\" class=\"wpforms-field-medium\" name=\"wpforms[fields][1]\" spellcheck=\"false\" ><\/div><div id=\"wpforms-323-field_2-container\" class=\"wpforms-field wpforms-field-textarea\" data-field-id=\"2\"><label class=\"wpforms-field-label\" for=\"wpforms-323-field_2\">Message <span class=\"wpforms-required-label\">*<\/span><\/label><textarea id=\"wpforms-323-field_2\" class=\"wpforms-field-medium wpforms-field-required\" name=\"wpforms[fields][2]\" required><\/textarea><\/div><div id=\"wpforms-323-field_5-container\" class=\"wpforms-field wpforms-field-checkbox\" data-field-id=\"5\"><label class=\"wpforms-field-label\">Consentement \u00e0 \u00eatre contact\u00e9 <span class=\"wpforms-required-label\">*<\/span><\/label><ul id=\"wpforms-323-field_5\" class=\"wpforms-field-required\"><li class=\"choice-1 depth-1\"><input type=\"checkbox\" id=\"wpforms-323-field_5_1\" name=\"wpforms[fields][5][]\" value=\"Je consens \u00e0 \u00eatre contact\u00e9 par l&#039;un des membres de l&#039;\u00e9quipe des Services financiers Gauvreau et famille inc. gr\u00e2ce aux coordonn\u00e9es fournies ci-dessus.\" required ><label class=\"wpforms-field-label-inline\" for=\"wpforms-323-field_5_1\">Je consens \u00e0 \u00eatre contact\u00e9 par l&rsquo;un des membres de l&rsquo;\u00e9quipe des Services financiers Gauvreau et famille inc. gr\u00e2ce aux coordonn\u00e9es fournies ci-dessus.<\/label><\/li><\/ul><\/div><div id=\"wpforms-323-field_7-container\" class=\"wpforms-field wpforms-field-checkbox\" data-field-id=\"7\"><label class=\"wpforms-field-label\">Communication par voie \u00e9lectronique<\/label><ul id=\"wpforms-323-field_7\"><li class=\"choice-3 depth-1\"><input type=\"checkbox\" id=\"wpforms-323-field_7_3\" name=\"wpforms[fields][7][]\" value=\"Je comprends que je peux retirer mon consentement \u00e0 \u00eatre contact\u00e9 par voie \u00e9lectronique en demandant express\u00e9ment \u00e0 ne pas \u00eatre contact\u00e9 par cette voie.\"  ><label class=\"wpforms-field-label-inline\" for=\"wpforms-323-field_7_3\">Je comprends que je peux retirer mon consentement \u00e0 \u00eatre contact\u00e9 par voie \u00e9lectronique en demandant express\u00e9ment \u00e0 ne pas \u00eatre contact\u00e9 par cette voie.<\/label><\/li><\/ul><\/div><\/div><!-- .wpforms-field-container --><div class=\"wpforms-submit-container\" ><input type=\"hidden\" name=\"wpforms[id]\" value=\"323\"><input type=\"hidden\" name=\"page_title\" value=\"\"><input type=\"hidden\" name=\"page_url\" value=\"https:\/\/gauvreauetfamille.ca\/en\/wp-json\/wp\/v2\/pages\/102\"><input type=\"hidden\" name=\"url_referer\" value=\"\"><button type=\"submit\" name=\"wpforms[submit]\" id=\"wpforms-submit-323\" class=\"wpforms-submit\" data-alt-text=\"Nous soumettons votre requ\u00eate\u2026\" data-submit-text=\"Soumettre\" aria-live=\"assertive\" value=\"wpforms-submit\">Soumettre<\/button><\/div><\/form><\/div>  <!-- .wpforms-container -->\n\n\n<hr class=\"wp-block-separator has-css-opacity\"\/>\n\n\n\n<p class=\"has-text-align-center\"><em>Formulaire temporairement non disponible. Merci de nous \u00e9crire un courriel \u00e0 l&rsquo;adresse suivante&nbsp;: mark(a)gauvreauetfamille.ca (en rempla\u00e7ant le (a) par un @)<\/em><\/p>\n","protected":false},"excerpt":{"rendered":"<p>Il nous fera plaisir de vous aider! Si vous souhaitez obtenir une \u00e9valuation gratuite de votre situation financi\u00e8re, ou si &#8230; <\/p>\n<p class=\"read-more-container\"><a title=\"Contact Us\" class=\"read-more button\" href=\"https:\/\/gauvreauetfamille.ca\/en\/contactez-nous#more-102\" aria-label=\"Read more about Contactez-nous\">Read more<\/a><\/p>","protected":false},"author":2,"featured_media":0,"parent":0,"menu_order":0,"comment_status":"closed","ping_status":"closed","template":"","meta":{"footnotes":""},"class_list":{"0":"post-102","1":"page","2":"type-page","3":"status-publish","5":"no-featured-image-padding"},"_links":{"self":[{"href":"https:\/\/gauvreauetfamille.ca\/en\/wp-json\/wp\/v2\/pages\/102","targetHints":{"allow":["GET"]}}],"collection":[{"href":"https:\/\/gauvreauetfamille.ca\/en\/wp-json\/wp\/v2\/pages"}],"about":[{"href":"https:\/\/gauvreauetfamille.ca\/en\/wp-json\/wp\/v2\/types\/page"}],"author":[{"embeddable":true,"href":"https:\/\/gauvreauetfamille.ca\/en\/wp-json\/wp\/v2\/users\/2"}],"replies":[{"embeddable":true,"href":"https:\/\/gauvreauetfamille.ca\/en\/wp-json\/wp\/v2\/comments?post=102"}],"version-history":[{"count":15,"href":"https:\/\/gauvreauetfamille.ca\/en\/wp-json\/wp\/v2\/pages\/102\/revisions"}],"predecessor-version":[{"id":504,"href":"https:\/\/gauvreauetfamille.ca\/en\/wp-json\/wp\/v2\/pages\/102\/revisions\/504"}],"wp:attachment":[{"href":"https:\/\/gauvreauetfamille.ca\/en\/wp-json\/wp\/v2\/media?parent=102"}],"curies":[{"name":"wp","href":"https:\/\/api.w.org\/{rel}","templated":true}]}}